{"id":994,"date":"2023-01-13T06:30:23","date_gmt":"2023-01-13T06:30:23","guid":{"rendered":"https:\/\/biosiris.jmgmedia.com\/staging\/?post_type=product&#038;p=994"},"modified":"2024-02-26T14:03:51","modified_gmt":"2024-02-26T14:03:51","slug":"jabon-revitalizante-antiedad-lavanda","status":"publish","type":"product","link":"https:\/\/biosiris-cosmetiques.com\/index.php\/es\/produit\/jabon-revitalizante-antiedad-lavanda\/","title":{"rendered":"Jab\u00f3n Revitalizante Antiedad Lavanda"},"content":{"rendered":"<p>Jab\u00f3n muy suave y rico con aceite de arg\u00e1n.<br \/>\nEnriquecido con aceites de arg\u00e1n, macadamia y aceite esencial de lavanda.<br \/>\nPerfecto para las pieles secas y maduras gracias a las propiedades antiedad y nutritiva de los aceites.<\/p>\n<p><strong>Particularidad de los jabones BIOSIRIS\u00a0:<\/strong><\/p>\n<p>Jabones artesanales saponificados en frio elaborados a mano. Es un proceso que conserva las propiedades naturales de los aceites, son jabones suaves y delicados con espuma cremosa.<br \/>\nLa glicerina presente de forma natural en el jab\u00f3n hidrata la piel.<br \/>\nSe componen de aceites de girasol, oliva y coco y est\u00e1n enriquecidos con aceites de arg\u00e1n, aguacate, jojoba, karit\u00e9, albaricoque, macadamia &#8230;<\/p>\n<p>Se pueden utilizar en el rostro y el cuerpo. Perfecto para el afeitado.<\/p>\n<p>~100 g<\/p>\n<p><strong>Ingredientes<\/strong> : Aceites saponificados de Girasol*, Oliva*, Coco*, Argan*, Macadamia*, Aceite esencial de Lavanda*.<\/p>\n<p><strong>Sin aceite de palma.<br \/>\n<\/strong>100% de los ingredientes son naturales cuyo <strong>69,53 % de cultivo organico*.<\/strong><\/p>\n<p><strong>No testado en animales. Apto Vagano.<\/strong><\/p>\n<p><strong>Certificado Cosmos Organic.<\/strong><\/p>\n<p><strong>Ingredientes (INCI)<\/strong> : Helianthus anuus seed oil*,aqua, olea europaea fruit oil*, cocos nucifera oil*, sodium hydroxide, macadamia ternifolia seed oil*,\u00a0 argania spinosa seed oil*, Lavandula Hybrida herb oil*, Coumarin, Geraniol, Limonene, Linalool.<\/p>\n","protected":false},"excerpt":{"rendered":"<p>Jabon muy suave y rico con aceite de argan.<br \/>\nEnriquecido con aceites de argan, macadamia y aceite esencial de lavanda.<br \/>\nPerfecto para las pieles secas y maduras gracias a las propiedades antiedad y nutritiva de los aceites.<\/p>\n","protected":false},"featured_media":2951,"comment_status":"open","ping_status":"closed","template":"","meta":{"ocean_post_layout":"","ocean_both_sidebars_style":"","ocean_both_sidebars_content_width":0,"ocean_both_sidebars_sidebars_width":0,"ocean_sidebar":"0","ocean_second_sidebar":"0","ocean_disable_margins":"enable","ocean_add_body_class":"","ocean_shortcode_before_top_bar":"","ocean_shortcode_after_top_bar":"","ocean_shortcode_before_header":"","ocean_shortcode_after_header":"","ocean_has_shortcode":"","ocean_shortcode_after_title":"","ocean_shortcode_before_footer_widgets":"","ocean_shortcode_after_footer_widgets":"","ocean_shortcode_before_footer_bottom":"","ocean_shortcode_after_footer_bottom":"","ocean_display_top_bar":"default","ocean_display_header":"default","ocean_header_style":"","ocean_center_header_left_menu":"0","ocean_custom_header_template":"0","ocean_custom_logo":0,"ocean_custom_retina_logo":0,"ocean_custom_logo_max_width":0,"ocean_custom_logo_tablet_max_width":0,"ocean_custom_logo_mobile_max_width":0,"ocean_custom_logo_max_height":0,"ocean_custom_logo_tablet_max_height":0,"ocean_custom_logo_mobile_max_height":0,"ocean_header_custom_menu":"0","ocean_menu_typo_font_family":"0","ocean_menu_typo_font_subset":"","ocean_menu_typo_font_size":0,"ocean_menu_typo_font_size_tablet":0,"ocean_menu_typo_font_size_mobile":0,"ocean_menu_typo_font_size_unit":"px","ocean_menu_typo_font_weight":"","ocean_menu_typo_font_weight_tablet":"","ocean_menu_typo_font_weight_mobile":"","ocean_menu_typo_transform":"","ocean_menu_typo_transform_tablet":"","ocean_menu_typo_transform_mobile":"","ocean_menu_typo_line_height":0,"ocean_menu_typo_line_height_tablet":0,"ocean_menu_typo_line_height_mobile":0,"ocean_menu_typo_line_height_unit":"","ocean_menu_typo_spacing":0,"ocean_menu_typo_spacing_tablet":0,"ocean_menu_typo_spacing_mobile":0,"ocean_menu_typo_spacing_unit":"","ocean_menu_link_color":"","ocean_menu_link_color_hover":"","ocean_menu_link_color_active":"","ocean_menu_link_background":"","ocean_menu_link_hover_background":"","ocean_menu_link_active_background":"","ocean_menu_social_links_bg":"","ocean_menu_social_hover_links_bg":"","ocean_menu_social_links_color":"","ocean_menu_social_hover_links_color":"","ocean_disable_title":"default","ocean_disable_heading":"default","ocean_post_title":"","ocean_post_subheading":"","ocean_post_title_style":"","ocean_post_title_background_color":"","ocean_post_title_background":0,"ocean_post_title_bg_image_position":"","ocean_post_title_bg_image_attachment":"","ocean_post_title_bg_image_repeat":"","ocean_post_title_bg_image_size":"","ocean_post_title_height":0,"ocean_post_title_bg_overlay":0.5,"ocean_post_title_bg_overlay_color":"","ocean_disable_breadcrumbs":"default","ocean_breadcrumbs_color":"","ocean_breadcrumbs_separator_color":"","ocean_breadcrumbs_links_color":"","ocean_breadcrumbs_links_hover_color":"","ocean_display_footer_widgets":"default","ocean_display_footer_bottom":"default","ocean_custom_footer_template":"0"},"product_brand":[],"product_cat":[76,80],"product_tag":[],"class_list":{"0":"post-994","1":"product","2":"type-product","3":"status-publish","4":"has-post-thumbnail","6":"product_cat-cuidados-limpiadores","7":"product_cat-jabones","9":"entry","10":"has-media","12":"first","13":"instock","14":"shipping-taxable","15":"purchasable","16":"product-type-simple","17":"has-product-nav","18":"col","19":"span_1_of_4","20":"owp-content-center","21":"owp-thumbs-layout-horizontal","22":"owp-btn-normal","23":"owp-tabs-layout-horizontal","24":"has-no-thumbnails"},"yoast_head":"<!-- This site is optimized with the Yoast SEO plugin v27.3 - https:\/\/yoast.com\/product\/yoast-seo-wordpress\/ -->\n<title>Jab\u00f3n Revitalizante Antiedad Lavanda - Biosiris Cosm\u00e9tiques<\/title>\n<meta name=\"description\" content=\"Jab\u00f3n muy suave y rico con aceite de arg\u00e1n.Enriquecido con aceites de arg\u00e1n, macadamia y aceite esencial de lavanda. Perfecto para las pieles maduras.\" \/>\n<meta name=\"robots\" content=\"index, follow, max-snippet:-1, max-image-preview:large, max-video-preview:-1\" \/>\n<link rel=\"canonical\" href=\"https:\/\/biosiris-cosmetiques.com\/index.php\/es\/produit\/jabon-revitalizante-antiedad-lavanda\/\" \/>\n<meta property=\"og:locale\" content=\"fr_FR\" \/>\n<meta property=\"og:type\" content=\"article\" \/>\n<meta property=\"og:title\" content=\"Jab\u00f3n Revitalizante Antiedad Lavanda - Biosiris Cosm\u00e9tiques\" \/>\n<meta property=\"og:description\" content=\"Jab\u00f3n muy suave y rico con aceite de arg\u00e1n.Enriquecido con aceites de arg\u00e1n, macadamia y aceite esencial de lavanda. Perfecto para las pieles maduras.\" \/>\n<meta property=\"og:url\" content=\"https:\/\/biosiris-cosmetiques.com\/index.php\/es\/produit\/jabon-revitalizante-antiedad-lavanda\/\" \/>\n<meta property=\"og:site_name\" content=\"Biosiris Cosm\u00e9tiques\" \/>\n<meta property=\"article:publisher\" content=\"https:\/\/www.facebook.com\/biosiris.cosmetiques\" \/>\n<meta property=\"article:modified_time\" content=\"2024-02-26T14:03:51+00:00\" \/>\n<meta property=\"og:image\" content=\"https:\/\/biosiris-cosmetiques.com\/wp-content\/uploads\/2023\/01\/lavandin-3-scaled.jpg\" \/>\n\t<meta property=\"og:image:width\" content=\"2560\" \/>\n\t<meta property=\"og:image:height\" content=\"1920\" \/>\n\t<meta property=\"og:image:type\" content=\"image\/jpeg\" \/>\n<meta name=\"twitter:card\" content=\"summary_large_image\" \/>\n<meta name=\"twitter:label1\" content=\"Dur\u00e9e de lecture estim\u00e9e\" \/>\n\t<meta name=\"twitter:data1\" content=\"2 minutes\" \/>\n<script type=\"application\/ld+json\" class=\"yoast-schema-graph\">{\"@context\":\"https:\\\/\\\/schema.org\",\"@graph\":[{\"@type\":\"WebPage\",\"@id\":\"https:\\\/\\\/biosiris-cosmetiques.com\\\/index.php\\\/es\\\/produit\\\/jabon-revitalizante-antiedad-lavanda\\\/\",\"url\":\"https:\\\/\\\/biosiris-cosmetiques.com\\\/index.php\\\/es\\\/produit\\\/jabon-revitalizante-antiedad-lavanda\\\/\",\"name\":\"Jab\u00f3n Revitalizante Antiedad Lavanda - Biosiris Cosm\u00e9tiques\",\"isPartOf\":{\"@id\":\"https:\\\/\\\/biosiris-cosmetiques.com\\\/#website\"},\"primaryImageOfPage\":{\"@id\":\"https:\\\/\\\/biosiris-cosmetiques.com\\\/index.php\\\/es\\\/produit\\\/jabon-revitalizante-antiedad-lavanda\\\/#primaryimage\"},\"image\":{\"@id\":\"https:\\\/\\\/biosiris-cosmetiques.com\\\/index.php\\\/es\\\/produit\\\/jabon-revitalizante-antiedad-lavanda\\\/#primaryimage\"},\"thumbnailUrl\":\"https:\\\/\\\/biosiris-cosmetiques.com\\\/wp-content\\\/uploads\\\/2023\\\/01\\\/lavandin-3-scaled.jpg\",\"datePublished\":\"2023-01-13T06:30:23+00:00\",\"dateModified\":\"2024-02-26T14:03:51+00:00\",\"description\":\"Jab\u00f3n muy suave y rico con aceite de arg\u00e1n.Enriquecido con aceites de arg\u00e1n, macadamia y aceite esencial de lavanda. Perfecto para las pieles maduras.\",\"breadcrumb\":{\"@id\":\"https:\\\/\\\/biosiris-cosmetiques.com\\\/index.php\\\/es\\\/produit\\\/jabon-revitalizante-antiedad-lavanda\\\/#breadcrumb\"},\"inLanguage\":\"fr-FR\",\"potentialAction\":[{\"@type\":\"ReadAction\",\"target\":[\"https:\\\/\\\/biosiris-cosmetiques.com\\\/index.php\\\/es\\\/produit\\\/jabon-revitalizante-antiedad-lavanda\\\/\"]}]},{\"@type\":\"ImageObject\",\"inLanguage\":\"fr-FR\",\"@id\":\"https:\\\/\\\/biosiris-cosmetiques.com\\\/index.php\\\/es\\\/produit\\\/jabon-revitalizante-antiedad-lavanda\\\/#primaryimage\",\"url\":\"https:\\\/\\\/biosiris-cosmetiques.com\\\/wp-content\\\/uploads\\\/2023\\\/01\\\/lavandin-3-scaled.jpg\",\"contentUrl\":\"https:\\\/\\\/biosiris-cosmetiques.com\\\/wp-content\\\/uploads\\\/2023\\\/01\\\/lavandin-3-scaled.jpg\",\"width\":2560,\"height\":1920},{\"@type\":\"BreadcrumbList\",\"@id\":\"https:\\\/\\\/biosiris-cosmetiques.com\\\/index.php\\\/es\\\/produit\\\/jabon-revitalizante-antiedad-lavanda\\\/#breadcrumb\",\"itemListElement\":[{\"@type\":\"ListItem\",\"position\":1,\"name\":\"Accueil\",\"item\":\"https:\\\/\\\/biosiris-cosmetiques.com\\\/\"},{\"@type\":\"ListItem\",\"position\":2,\"name\":\"Boutique\",\"item\":\"https:\\\/\\\/biosiris-cosmetiques.com\\\/index.php\\\/boutique\\\/\"},{\"@type\":\"ListItem\",\"position\":3,\"name\":\"Jab\u00f3n Revitalizante Antiedad Lavanda\"}]},{\"@type\":\"WebSite\",\"@id\":\"https:\\\/\\\/biosiris-cosmetiques.com\\\/#website\",\"url\":\"https:\\\/\\\/biosiris-cosmetiques.com\\\/\",\"name\":\"Biosiris Cosm\u00e9tiques\",\"description\":\"Biosiris Cosm\u00e9tiques - Soins naturels et biologiques\",\"publisher\":{\"@id\":\"https:\\\/\\\/biosiris-cosmetiques.com\\\/#organization\"},\"potentialAction\":[{\"@type\":\"SearchAction\",\"target\":{\"@type\":\"EntryPoint\",\"urlTemplate\":\"https:\\\/\\\/biosiris-cosmetiques.com\\\/?s={search_term_string}\"},\"query-input\":{\"@type\":\"PropertyValueSpecification\",\"valueRequired\":true,\"valueName\":\"search_term_string\"}}],\"inLanguage\":\"fr-FR\"},{\"@type\":\"Organization\",\"@id\":\"https:\\\/\\\/biosiris-cosmetiques.com\\\/#organization\",\"name\":\"Biosiris Cosm\u00e9tiques\",\"url\":\"https:\\\/\\\/biosiris-cosmetiques.com\\\/\",\"logo\":{\"@type\":\"ImageObject\",\"inLanguage\":\"fr-FR\",\"@id\":\"https:\\\/\\\/biosiris-cosmetiques.com\\\/#\\\/schema\\\/logo\\\/image\\\/\",\"url\":\"https:\\\/\\\/biosiris-cosmetiques.com\\\/wp-content\\\/uploads\\\/2022\\\/12\\\/logo-biosiris-400.png\",\"contentUrl\":\"https:\\\/\\\/biosiris-cosmetiques.com\\\/wp-content\\\/uploads\\\/2022\\\/12\\\/logo-biosiris-400.png\",\"width\":400,\"height\":175,\"caption\":\"Biosiris Cosm\u00e9tiques\"},\"image\":{\"@id\":\"https:\\\/\\\/biosiris-cosmetiques.com\\\/#\\\/schema\\\/logo\\\/image\\\/\"},\"sameAs\":[\"https:\\\/\\\/www.facebook.com\\\/biosiris.cosmetiques\",\"https:\\\/\\\/www.instagram.com\\\/biosiriscosmetiquesbio\\\/\"]}]}<\/script>\n<!-- \/ Yoast SEO plugin. -->","yoast_head_json":{"title":"Jab\u00f3n Revitalizante Antiedad Lavanda - Biosiris Cosm\u00e9tiques","description":"Jab\u00f3n muy suave y rico con aceite de arg\u00e1n.Enriquecido con aceites de arg\u00e1n, macadamia y aceite esencial de lavanda. Perfecto para las pieles maduras.","robots":{"index":"index","follow":"follow","max-snippet":"max-snippet:-1","max-image-preview":"max-image-preview:large","max-video-preview":"max-video-preview:-1"},"canonical":"https:\/\/biosiris-cosmetiques.com\/index.php\/es\/produit\/jabon-revitalizante-antiedad-lavanda\/","og_locale":"fr_FR","og_type":"article","og_title":"Jab\u00f3n Revitalizante Antiedad Lavanda - Biosiris Cosm\u00e9tiques","og_description":"Jab\u00f3n muy suave y rico con aceite de arg\u00e1n.Enriquecido con aceites de arg\u00e1n, macadamia y aceite esencial de lavanda. Perfecto para las pieles maduras.","og_url":"https:\/\/biosiris-cosmetiques.com\/index.php\/es\/produit\/jabon-revitalizante-antiedad-lavanda\/","og_site_name":"Biosiris Cosm\u00e9tiques","article_publisher":"https:\/\/www.facebook.com\/biosiris.cosmetiques","article_modified_time":"2024-02-26T14:03:51+00:00","og_image":[{"width":2560,"height":1920,"url":"https:\/\/biosiris-cosmetiques.com\/wp-content\/uploads\/2023\/01\/lavandin-3-scaled.jpg","type":"image\/jpeg"}],"twitter_card":"summary_large_image","twitter_misc":{"Dur\u00e9e de lecture estim\u00e9e":"2 minutes"},"schema":{"@context":"https:\/\/schema.org","@graph":[{"@type":"WebPage","@id":"https:\/\/biosiris-cosmetiques.com\/index.php\/es\/produit\/jabon-revitalizante-antiedad-lavanda\/","url":"https:\/\/biosiris-cosmetiques.com\/index.php\/es\/produit\/jabon-revitalizante-antiedad-lavanda\/","name":"Jab\u00f3n Revitalizante Antiedad Lavanda - Biosiris Cosm\u00e9tiques","isPartOf":{"@id":"https:\/\/biosiris-cosmetiques.com\/#website"},"primaryImageOfPage":{"@id":"https:\/\/biosiris-cosmetiques.com\/index.php\/es\/produit\/jabon-revitalizante-antiedad-lavanda\/#primaryimage"},"image":{"@id":"https:\/\/biosiris-cosmetiques.com\/index.php\/es\/produit\/jabon-revitalizante-antiedad-lavanda\/#primaryimage"},"thumbnailUrl":"https:\/\/biosiris-cosmetiques.com\/wp-content\/uploads\/2023\/01\/lavandin-3-scaled.jpg","datePublished":"2023-01-13T06:30:23+00:00","dateModified":"2024-02-26T14:03:51+00:00","description":"Jab\u00f3n muy suave y rico con aceite de arg\u00e1n.Enriquecido con aceites de arg\u00e1n, macadamia y aceite esencial de lavanda. Perfecto para las pieles maduras.","breadcrumb":{"@id":"https:\/\/biosiris-cosmetiques.com\/index.php\/es\/produit\/jabon-revitalizante-antiedad-lavanda\/#breadcrumb"},"inLanguage":"fr-FR","potentialAction":[{"@type":"ReadAction","target":["https:\/\/biosiris-cosmetiques.com\/index.php\/es\/produit\/jabon-revitalizante-antiedad-lavanda\/"]}]},{"@type":"ImageObject","inLanguage":"fr-FR","@id":"https:\/\/biosiris-cosmetiques.com\/index.php\/es\/produit\/jabon-revitalizante-antiedad-lavanda\/#primaryimage","url":"https:\/\/biosiris-cosmetiques.com\/wp-content\/uploads\/2023\/01\/lavandin-3-scaled.jpg","contentUrl":"https:\/\/biosiris-cosmetiques.com\/wp-content\/uploads\/2023\/01\/lavandin-3-scaled.jpg","width":2560,"height":1920},{"@type":"BreadcrumbList","@id":"https:\/\/biosiris-cosmetiques.com\/index.php\/es\/produit\/jabon-revitalizante-antiedad-lavanda\/#breadcrumb","itemListElement":[{"@type":"ListItem","position":1,"name":"Accueil","item":"https:\/\/biosiris-cosmetiques.com\/"},{"@type":"ListItem","position":2,"name":"Boutique","item":"https:\/\/biosiris-cosmetiques.com\/index.php\/boutique\/"},{"@type":"ListItem","position":3,"name":"Jab\u00f3n Revitalizante Antiedad Lavanda"}]},{"@type":"WebSite","@id":"https:\/\/biosiris-cosmetiques.com\/#website","url":"https:\/\/biosiris-cosmetiques.com\/","name":"Biosiris Cosm\u00e9tiques","description":"Biosiris Cosm\u00e9tiques - Soins naturels et biologiques","publisher":{"@id":"https:\/\/biosiris-cosmetiques.com\/#organization"},"potentialAction":[{"@type":"SearchAction","target":{"@type":"EntryPoint","urlTemplate":"https:\/\/biosiris-cosmetiques.com\/?s={search_term_string}"},"query-input":{"@type":"PropertyValueSpecification","valueRequired":true,"valueName":"search_term_string"}}],"inLanguage":"fr-FR"},{"@type":"Organization","@id":"https:\/\/biosiris-cosmetiques.com\/#organization","name":"Biosiris Cosm\u00e9tiques","url":"https:\/\/biosiris-cosmetiques.com\/","logo":{"@type":"ImageObject","inLanguage":"fr-FR","@id":"https:\/\/biosiris-cosmetiques.com\/#\/schema\/logo\/image\/","url":"https:\/\/biosiris-cosmetiques.com\/wp-content\/uploads\/2022\/12\/logo-biosiris-400.png","contentUrl":"https:\/\/biosiris-cosmetiques.com\/wp-content\/uploads\/2022\/12\/logo-biosiris-400.png","width":400,"height":175,"caption":"Biosiris Cosm\u00e9tiques"},"image":{"@id":"https:\/\/biosiris-cosmetiques.com\/#\/schema\/logo\/image\/"},"sameAs":["https:\/\/www.facebook.com\/biosiris.cosmetiques","https:\/\/www.instagram.com\/biosiriscosmetiquesbio\/"]}]}},"_links":{"self":[{"href":"https:\/\/biosiris-cosmetiques.com\/index.php\/wp-json\/wp\/v2\/product\/994","targetHints":{"allow":["GET"]}}],"collection":[{"href":"https:\/\/biosiris-cosmetiques.com\/index.php\/wp-json\/wp\/v2\/product"}],"about":[{"href":"https:\/\/biosiris-cosmetiques.com\/index.php\/wp-json\/wp\/v2\/types\/product"}],"replies":[{"embeddable":true,"href":"https:\/\/biosiris-cosmetiques.com\/index.php\/wp-json\/wp\/v2\/comments?post=994"}],"version-history":[{"count":4,"href":"https:\/\/biosiris-cosmetiques.com\/index.php\/wp-json\/wp\/v2\/product\/994\/revisions"}],"predecessor-version":[{"id":1571,"href":"https:\/\/biosiris-cosmetiques.com\/index.php\/wp-json\/wp\/v2\/product\/994\/revisions\/1571"}],"wp:featuredmedia":[{"embeddable":true,"href":"https:\/\/biosiris-cosmetiques.com\/index.php\/wp-json\/wp\/v2\/media\/2951"}],"wp:attachment":[{"href":"https:\/\/biosiris-cosmetiques.com\/index.php\/wp-json\/wp\/v2\/media?parent=994"}],"wp:term":[{"taxonomy":"product_brand","embeddable":true,"href":"https:\/\/biosiris-cosmetiques.com\/index.php\/wp-json\/wp\/v2\/product_brand?post=994"},{"taxonomy":"product_cat","embeddable":true,"href":"https:\/\/biosiris-cosmetiques.com\/index.php\/wp-json\/wp\/v2\/product_cat?post=994"},{"taxonomy":"product_tag","embeddable":true,"href":"https:\/\/biosiris-cosmetiques.com\/index.php\/wp-json\/wp\/v2\/product_tag?post=994"}],"curies":[{"name":"wp","href":"https:\/\/api.w.org\/{rel}","templated":true}]}}