{"id":904,"date":"2023-01-13T04:38:49","date_gmt":"2023-01-13T04:38:49","guid":{"rendered":"https:\/\/biosiris.jmgmedia.com\/staging\/?post_type=product&#038;p=904"},"modified":"2024-03-25T10:39:48","modified_gmt":"2024-03-25T10:39:48","slug":"jojoba-virgin-oil-bio","status":"publish","type":"product","link":"https:\/\/biosiris-cosmetiques.com\/index.php\/en\/produit\/jojoba-virgin-oil-bio\/","title":{"rendered":"Jojoba Virgin Oil"},"content":{"rendered":"<p><strong>Propri\u00e9t\u00e9s cosm\u00e9tiques<\/strong> (ref biblio \u00ab\u00a0Les huiles v\u00e9g\u00e9tales\u00a0\u00bb Atlantica Douce alternative\u00a0\u00bb<\/p>\n<p>Oil with Regenerating, Moisturizing and Anti-ageing properties.<\/p>\n<p>Its composition close to the sebum allows it to strengthen the hydrolipidic film.<br \/>\nBoth ideal for very dry skin by curbing the loss of water in cells and for oily skin by regulating sebum. Restores suppleness and shine to oily hair as well as dry hair.<br \/>\nContains a natural sunscreen with a protection index 5.<\/p>\n<p><strong>Instructions for use :<\/strong><br \/>\nFacial care: morning and evening massage on the face and neck<br \/>\nHair care: Apply in a mask before shampoo or to wet hair<\/p>\n<p><b>Ingredients :<\/b> 100%\u00a0 Jojoba Virgin o\u00efl Bio\u00a0 Certified Ecocert.<\/p>\n<p><strong>INCI :<\/strong> Simmondsia Chinensis Oil\u00a0<sup>BIO<\/sup><\/p>\n","protected":false},"excerpt":{"rendered":"<p>Oil with Regenerating, Moisturizing and Anti-ageing properties.<br \/>\nIts composition close to the sebum allows it to strengthen the hydrolipidic film.<br \/>\nBoth ideal for very dry skin by curbing the loss of water in cells and for oily skin by regulating sebum. Restores suppleness and shine to oily hair as well as dry hair.<br \/>\nContains a natural sunscreen with a protection index 5.<\/p>\n","protected":false},"featured_media":3018,"comment_status":"open","ping_status":"closed","template":"","meta":{"ocean_post_layout":"","ocean_both_sidebars_style":"","ocean_both_sidebars_content_width":0,"ocean_both_sidebars_sidebars_width":0,"ocean_sidebar":"0","ocean_second_sidebar":"0","ocean_disable_margins":"enable","ocean_add_body_class":"","ocean_shortcode_before_top_bar":"","ocean_shortcode_after_top_bar":"","ocean_shortcode_before_header":"","ocean_shortcode_after_header":"","ocean_has_shortcode":"","ocean_shortcode_after_title":"","ocean_shortcode_before_footer_widgets":"","ocean_shortcode_after_footer_widgets":"","ocean_shortcode_before_footer_bottom":"","ocean_shortcode_after_footer_bottom":"","ocean_display_top_bar":"default","ocean_display_header":"default","ocean_header_style":"","ocean_center_header_left_menu":"0","ocean_custom_header_template":"0","ocean_custom_logo":0,"ocean_custom_retina_logo":0,"ocean_custom_logo_max_width":0,"ocean_custom_logo_tablet_max_width":0,"ocean_custom_logo_mobile_max_width":0,"ocean_custom_logo_max_height":0,"ocean_custom_logo_tablet_max_height":0,"ocean_custom_logo_mobile_max_height":0,"ocean_header_custom_menu":"0","ocean_menu_typo_font_family":"0","ocean_menu_typo_font_subset":"","ocean_menu_typo_font_size":0,"ocean_menu_typo_font_size_tablet":0,"ocean_menu_typo_font_size_mobile":0,"ocean_menu_typo_font_size_unit":"px","ocean_menu_typo_font_weight":"","ocean_menu_typo_font_weight_tablet":"","ocean_menu_typo_font_weight_mobile":"","ocean_menu_typo_transform":"","ocean_menu_typo_transform_tablet":"","ocean_menu_typo_transform_mobile":"","ocean_menu_typo_line_height":0,"ocean_menu_typo_line_height_tablet":0,"ocean_menu_typo_line_height_mobile":0,"ocean_menu_typo_line_height_unit":"","ocean_menu_typo_spacing":0,"ocean_menu_typo_spacing_tablet":0,"ocean_menu_typo_spacing_mobile":0,"ocean_menu_typo_spacing_unit":"","ocean_menu_link_color":"","ocean_menu_link_color_hover":"","ocean_menu_link_color_active":"","ocean_menu_link_background":"","ocean_menu_link_hover_background":"","ocean_menu_link_active_background":"","ocean_menu_social_links_bg":"","ocean_menu_social_hover_links_bg":"","ocean_menu_social_links_color":"","ocean_menu_social_hover_links_color":"","ocean_disable_title":"default","ocean_disable_heading":"default","ocean_post_title":"","ocean_post_subheading":"","ocean_post_title_style":"","ocean_post_title_background_color":"","ocean_post_title_background":0,"ocean_post_title_bg_image_position":"","ocean_post_title_bg_image_attachment":"","ocean_post_title_bg_image_repeat":"","ocean_post_title_bg_image_size":"","ocean_post_title_height":0,"ocean_post_title_bg_overlay":0.5,"ocean_post_title_bg_overlay_color":"","ocean_disable_breadcrumbs":"default","ocean_breadcrumbs_color":"","ocean_breadcrumbs_separator_color":"","ocean_breadcrumbs_links_color":"","ocean_breadcrumbs_links_hover_color":"","ocean_display_footer_widgets":"default","ocean_display_footer_bottom":"default","ocean_custom_footer_template":"0"},"product_brand":[],"product_cat":[98,104],"product_tag":[],"class_list":{"0":"post-904","1":"product","2":"type-product","3":"status-publish","4":"has-post-thumbnail","6":"product_cat-face-care","7":"product_cat-vegetal-oils-and-flower-water","9":"entry","10":"has-media","12":"first","13":"instock","14":"shipping-taxable","15":"purchasable","16":"product-type-simple","17":"has-product-nav","18":"col","19":"span_1_of_4","20":"owp-content-center","21":"owp-thumbs-layout-horizontal","22":"owp-btn-normal","23":"owp-tabs-layout-horizontal","24":"has-no-thumbnails"},"yoast_head":"<!-- This site is optimized with the Yoast SEO plugin v27.3 - https:\/\/yoast.com\/product\/yoast-seo-wordpress\/ -->\n<title>Jojoba Virgin Oil - Biosiris Cosm\u00e9tiques<\/title>\n<meta name=\"robots\" content=\"index, follow, max-snippet:-1, max-image-preview:large, max-video-preview:-1\" \/>\n<link rel=\"canonical\" href=\"https:\/\/biosiris-cosmetiques.com\/index.php\/en\/produit\/jojoba-virgin-oil-bio\/\" \/>\n<meta property=\"og:locale\" content=\"fr_FR\" \/>\n<meta property=\"og:type\" content=\"article\" \/>\n<meta property=\"og:title\" content=\"Jojoba Virgin Oil - Biosiris Cosm\u00e9tiques\" \/>\n<meta property=\"og:description\" content=\"Oil with Regenerating, Moisturizing and Anti-ageing properties. Its composition close to the sebum allows it to strengthen the hydrolipidic film. Both ideal for very dry skin by curbing the loss of water in cells and for oily skin by regulating sebum. Restores suppleness and shine to oily hair as well as dry hair. Contains a natural sunscreen with a protection index 5.\" \/>\n<meta property=\"og:url\" content=\"https:\/\/biosiris-cosmetiques.com\/index.php\/en\/produit\/jojoba-virgin-oil-bio\/\" \/>\n<meta property=\"og:site_name\" content=\"Biosiris Cosm\u00e9tiques\" \/>\n<meta property=\"article:publisher\" content=\"https:\/\/www.facebook.com\/biosiris.cosmetiques\" \/>\n<meta property=\"article:modified_time\" content=\"2024-03-25T10:39:48+00:00\" \/>\n<meta property=\"og:image\" content=\"https:\/\/biosiris-cosmetiques.com\/wp-content\/uploads\/2023\/01\/joj-scaled.jpg\" \/>\n\t<meta property=\"og:image:width\" content=\"2560\" \/>\n\t<meta property=\"og:image:height\" content=\"1920\" \/>\n\t<meta property=\"og:image:type\" content=\"image\/jpeg\" \/>\n<meta name=\"twitter:card\" content=\"summary_large_image\" \/>\n<meta name=\"twitter:label1\" content=\"Dur\u00e9e de lecture estim\u00e9e\" \/>\n\t<meta name=\"twitter:data1\" content=\"1 minute\" \/>\n<script type=\"application\/ld+json\" class=\"yoast-schema-graph\">{\"@context\":\"https:\\\/\\\/schema.org\",\"@graph\":[{\"@type\":\"WebPage\",\"@id\":\"https:\\\/\\\/biosiris-cosmetiques.com\\\/index.php\\\/en\\\/produit\\\/jojoba-virgin-oil-bio\\\/\",\"url\":\"https:\\\/\\\/biosiris-cosmetiques.com\\\/index.php\\\/en\\\/produit\\\/jojoba-virgin-oil-bio\\\/\",\"name\":\"Jojoba Virgin Oil - Biosiris Cosm\u00e9tiques\",\"isPartOf\":{\"@id\":\"https:\\\/\\\/biosiris-cosmetiques.com\\\/#website\"},\"primaryImageOfPage\":{\"@id\":\"https:\\\/\\\/biosiris-cosmetiques.com\\\/index.php\\\/en\\\/produit\\\/jojoba-virgin-oil-bio\\\/#primaryimage\"},\"image\":{\"@id\":\"https:\\\/\\\/biosiris-cosmetiques.com\\\/index.php\\\/en\\\/produit\\\/jojoba-virgin-oil-bio\\\/#primaryimage\"},\"thumbnailUrl\":\"https:\\\/\\\/biosiris-cosmetiques.com\\\/wp-content\\\/uploads\\\/2023\\\/01\\\/joj-scaled.jpg\",\"datePublished\":\"2023-01-13T04:38:49+00:00\",\"dateModified\":\"2024-03-25T10:39:48+00:00\",\"breadcrumb\":{\"@id\":\"https:\\\/\\\/biosiris-cosmetiques.com\\\/index.php\\\/en\\\/produit\\\/jojoba-virgin-oil-bio\\\/#breadcrumb\"},\"inLanguage\":\"fr-FR\",\"potentialAction\":[{\"@type\":\"ReadAction\",\"target\":[\"https:\\\/\\\/biosiris-cosmetiques.com\\\/index.php\\\/en\\\/produit\\\/jojoba-virgin-oil-bio\\\/\"]}]},{\"@type\":\"ImageObject\",\"inLanguage\":\"fr-FR\",\"@id\":\"https:\\\/\\\/biosiris-cosmetiques.com\\\/index.php\\\/en\\\/produit\\\/jojoba-virgin-oil-bio\\\/#primaryimage\",\"url\":\"https:\\\/\\\/biosiris-cosmetiques.com\\\/wp-content\\\/uploads\\\/2023\\\/01\\\/joj-scaled.jpg\",\"contentUrl\":\"https:\\\/\\\/biosiris-cosmetiques.com\\\/wp-content\\\/uploads\\\/2023\\\/01\\\/joj-scaled.jpg\",\"width\":2560,\"height\":1920},{\"@type\":\"BreadcrumbList\",\"@id\":\"https:\\\/\\\/biosiris-cosmetiques.com\\\/index.php\\\/en\\\/produit\\\/jojoba-virgin-oil-bio\\\/#breadcrumb\",\"itemListElement\":[{\"@type\":\"ListItem\",\"position\":1,\"name\":\"Accueil\",\"item\":\"https:\\\/\\\/biosiris-cosmetiques.com\\\/\"},{\"@type\":\"ListItem\",\"position\":2,\"name\":\"Boutique\",\"item\":\"https:\\\/\\\/biosiris-cosmetiques.com\\\/index.php\\\/boutique\\\/\"},{\"@type\":\"ListItem\",\"position\":3,\"name\":\"Jojoba Virgin Oil\"}]},{\"@type\":\"WebSite\",\"@id\":\"https:\\\/\\\/biosiris-cosmetiques.com\\\/#website\",\"url\":\"https:\\\/\\\/biosiris-cosmetiques.com\\\/\",\"name\":\"Biosiris Cosm\u00e9tiques\",\"description\":\"Biosiris Cosm\u00e9tiques - Soins naturels et biologiques\",\"publisher\":{\"@id\":\"https:\\\/\\\/biosiris-cosmetiques.com\\\/#organization\"},\"potentialAction\":[{\"@type\":\"SearchAction\",\"target\":{\"@type\":\"EntryPoint\",\"urlTemplate\":\"https:\\\/\\\/biosiris-cosmetiques.com\\\/?s={search_term_string}\"},\"query-input\":{\"@type\":\"PropertyValueSpecification\",\"valueRequired\":true,\"valueName\":\"search_term_string\"}}],\"inLanguage\":\"fr-FR\"},{\"@type\":\"Organization\",\"@id\":\"https:\\\/\\\/biosiris-cosmetiques.com\\\/#organization\",\"name\":\"Biosiris Cosm\u00e9tiques\",\"url\":\"https:\\\/\\\/biosiris-cosmetiques.com\\\/\",\"logo\":{\"@type\":\"ImageObject\",\"inLanguage\":\"fr-FR\",\"@id\":\"https:\\\/\\\/biosiris-cosmetiques.com\\\/#\\\/schema\\\/logo\\\/image\\\/\",\"url\":\"https:\\\/\\\/biosiris-cosmetiques.com\\\/wp-content\\\/uploads\\\/2022\\\/12\\\/logo-biosiris-400.png\",\"contentUrl\":\"https:\\\/\\\/biosiris-cosmetiques.com\\\/wp-content\\\/uploads\\\/2022\\\/12\\\/logo-biosiris-400.png\",\"width\":400,\"height\":175,\"caption\":\"Biosiris Cosm\u00e9tiques\"},\"image\":{\"@id\":\"https:\\\/\\\/biosiris-cosmetiques.com\\\/#\\\/schema\\\/logo\\\/image\\\/\"},\"sameAs\":[\"https:\\\/\\\/www.facebook.com\\\/biosiris.cosmetiques\",\"https:\\\/\\\/www.instagram.com\\\/biosiriscosmetiquesbio\\\/\"]}]}<\/script>\n<!-- \/ Yoast SEO plugin. -->","yoast_head_json":{"title":"Jojoba Virgin Oil - Biosiris Cosm\u00e9tiques","robots":{"index":"index","follow":"follow","max-snippet":"max-snippet:-1","max-image-preview":"max-image-preview:large","max-video-preview":"max-video-preview:-1"},"canonical":"https:\/\/biosiris-cosmetiques.com\/index.php\/en\/produit\/jojoba-virgin-oil-bio\/","og_locale":"fr_FR","og_type":"article","og_title":"Jojoba Virgin Oil - Biosiris Cosm\u00e9tiques","og_description":"Oil with Regenerating, Moisturizing and Anti-ageing properties. Its composition close to the sebum allows it to strengthen the hydrolipidic film. Both ideal for very dry skin by curbing the loss of water in cells and for oily skin by regulating sebum. Restores suppleness and shine to oily hair as well as dry hair. Contains a natural sunscreen with a protection index 5.","og_url":"https:\/\/biosiris-cosmetiques.com\/index.php\/en\/produit\/jojoba-virgin-oil-bio\/","og_site_name":"Biosiris Cosm\u00e9tiques","article_publisher":"https:\/\/www.facebook.com\/biosiris.cosmetiques","article_modified_time":"2024-03-25T10:39:48+00:00","og_image":[{"width":2560,"height":1920,"url":"https:\/\/biosiris-cosmetiques.com\/wp-content\/uploads\/2023\/01\/joj-scaled.jpg","type":"image\/jpeg"}],"twitter_card":"summary_large_image","twitter_misc":{"Dur\u00e9e de lecture estim\u00e9e":"1 minute"},"schema":{"@context":"https:\/\/schema.org","@graph":[{"@type":"WebPage","@id":"https:\/\/biosiris-cosmetiques.com\/index.php\/en\/produit\/jojoba-virgin-oil-bio\/","url":"https:\/\/biosiris-cosmetiques.com\/index.php\/en\/produit\/jojoba-virgin-oil-bio\/","name":"Jojoba Virgin Oil - Biosiris Cosm\u00e9tiques","isPartOf":{"@id":"https:\/\/biosiris-cosmetiques.com\/#website"},"primaryImageOfPage":{"@id":"https:\/\/biosiris-cosmetiques.com\/index.php\/en\/produit\/jojoba-virgin-oil-bio\/#primaryimage"},"image":{"@id":"https:\/\/biosiris-cosmetiques.com\/index.php\/en\/produit\/jojoba-virgin-oil-bio\/#primaryimage"},"thumbnailUrl":"https:\/\/biosiris-cosmetiques.com\/wp-content\/uploads\/2023\/01\/joj-scaled.jpg","datePublished":"2023-01-13T04:38:49+00:00","dateModified":"2024-03-25T10:39:48+00:00","breadcrumb":{"@id":"https:\/\/biosiris-cosmetiques.com\/index.php\/en\/produit\/jojoba-virgin-oil-bio\/#breadcrumb"},"inLanguage":"fr-FR","potentialAction":[{"@type":"ReadAction","target":["https:\/\/biosiris-cosmetiques.com\/index.php\/en\/produit\/jojoba-virgin-oil-bio\/"]}]},{"@type":"ImageObject","inLanguage":"fr-FR","@id":"https:\/\/biosiris-cosmetiques.com\/index.php\/en\/produit\/jojoba-virgin-oil-bio\/#primaryimage","url":"https:\/\/biosiris-cosmetiques.com\/wp-content\/uploads\/2023\/01\/joj-scaled.jpg","contentUrl":"https:\/\/biosiris-cosmetiques.com\/wp-content\/uploads\/2023\/01\/joj-scaled.jpg","width":2560,"height":1920},{"@type":"BreadcrumbList","@id":"https:\/\/biosiris-cosmetiques.com\/index.php\/en\/produit\/jojoba-virgin-oil-bio\/#breadcrumb","itemListElement":[{"@type":"ListItem","position":1,"name":"Accueil","item":"https:\/\/biosiris-cosmetiques.com\/"},{"@type":"ListItem","position":2,"name":"Boutique","item":"https:\/\/biosiris-cosmetiques.com\/index.php\/boutique\/"},{"@type":"ListItem","position":3,"name":"Jojoba Virgin Oil"}]},{"@type":"WebSite","@id":"https:\/\/biosiris-cosmetiques.com\/#website","url":"https:\/\/biosiris-cosmetiques.com\/","name":"Biosiris Cosm\u00e9tiques","description":"Biosiris Cosm\u00e9tiques - Soins naturels et biologiques","publisher":{"@id":"https:\/\/biosiris-cosmetiques.com\/#organization"},"potentialAction":[{"@type":"SearchAction","target":{"@type":"EntryPoint","urlTemplate":"https:\/\/biosiris-cosmetiques.com\/?s={search_term_string}"},"query-input":{"@type":"PropertyValueSpecification","valueRequired":true,"valueName":"search_term_string"}}],"inLanguage":"fr-FR"},{"@type":"Organization","@id":"https:\/\/biosiris-cosmetiques.com\/#organization","name":"Biosiris Cosm\u00e9tiques","url":"https:\/\/biosiris-cosmetiques.com\/","logo":{"@type":"ImageObject","inLanguage":"fr-FR","@id":"https:\/\/biosiris-cosmetiques.com\/#\/schema\/logo\/image\/","url":"https:\/\/biosiris-cosmetiques.com\/wp-content\/uploads\/2022\/12\/logo-biosiris-400.png","contentUrl":"https:\/\/biosiris-cosmetiques.com\/wp-content\/uploads\/2022\/12\/logo-biosiris-400.png","width":400,"height":175,"caption":"Biosiris Cosm\u00e9tiques"},"image":{"@id":"https:\/\/biosiris-cosmetiques.com\/#\/schema\/logo\/image\/"},"sameAs":["https:\/\/www.facebook.com\/biosiris.cosmetiques","https:\/\/www.instagram.com\/biosiriscosmetiquesbio\/"]}]}},"_links":{"self":[{"href":"https:\/\/biosiris-cosmetiques.com\/index.php\/wp-json\/wp\/v2\/product\/904","targetHints":{"allow":["GET"]}}],"collection":[{"href":"https:\/\/biosiris-cosmetiques.com\/index.php\/wp-json\/wp\/v2\/product"}],"about":[{"href":"https:\/\/biosiris-cosmetiques.com\/index.php\/wp-json\/wp\/v2\/types\/product"}],"replies":[{"embeddable":true,"href":"https:\/\/biosiris-cosmetiques.com\/index.php\/wp-json\/wp\/v2\/comments?post=904"}],"version-history":[{"count":2,"href":"https:\/\/biosiris-cosmetiques.com\/index.php\/wp-json\/wp\/v2\/product\/904\/revisions"}],"predecessor-version":[{"id":1625,"href":"https:\/\/biosiris-cosmetiques.com\/index.php\/wp-json\/wp\/v2\/product\/904\/revisions\/1625"}],"wp:featuredmedia":[{"embeddable":true,"href":"https:\/\/biosiris-cosmetiques.com\/index.php\/wp-json\/wp\/v2\/media\/3018"}],"wp:attachment":[{"href":"https:\/\/biosiris-cosmetiques.com\/index.php\/wp-json\/wp\/v2\/media?parent=904"}],"wp:term":[{"taxonomy":"product_brand","embeddable":true,"href":"https:\/\/biosiris-cosmetiques.com\/index.php\/wp-json\/wp\/v2\/product_brand?post=904"},{"taxonomy":"product_cat","embeddable":true,"href":"https:\/\/biosiris-cosmetiques.com\/index.php\/wp-json\/wp\/v2\/product_cat?post=904"},{"taxonomy":"product_tag","embeddable":true,"href":"https:\/\/biosiris-cosmetiques.com\/index.php\/wp-json\/wp\/v2\/product_tag?post=904"}],"curies":[{"name":"wp","href":"https:\/\/api.w.org\/{rel}","templated":true}]}}