{"id":872,"date":"2023-01-13T04:00:35","date_gmt":"2023-01-13T04:00:35","guid":{"rendered":"https:\/\/biosiris.jmgmedia.com\/staging\/?post_type=product&#038;p=872"},"modified":"2025-04-13T20:33:14","modified_gmt":"2025-04-13T20:33:14","slug":"anti-ageing-cream","status":"publish","type":"product","link":"https:\/\/biosiris-cosmetiques.com\/index.php\/en\/produit\/anti-ageing-cream\/","title":{"rendered":"Anti-ageing Cream for Men"},"content":{"rendered":"<p>Specialy adapted for men, this light and non only cream moisturizes all skin types. Enriched with argan oil, jojoba oil and shea butter.<br \/>\nJojoba oil regulates the sebum. Essential oils combined with orange flower water calm razor rash.<\/p>\n<p>Ingredients : Orange Flower water*, Jojoba oil*, Argan oil*, Shea Butter*, natural Vitamin E naturelle and essential oils*.<\/p>\n<p>50 ml<\/p>\n<p>99,05% of all ingr\u00e9dients have a natural origin from wich <strong>44,09% produced by organic farming*.<\/strong><\/p>\n<p>No tested on animals. <strong>Vegan.<\/strong><br \/>\n<strong>Certification Cosmos Oragnic.<\/strong><\/p>\n<p><strong>Instructions for use<\/strong> : Apply Morning and evening to a skin perfectly cleaned by avoiding the eye contour.<\/p>\n<p><strong>Ingredients (INCI) :<br \/>\n<\/strong>Aqua, citrus aurantium amara flower water*, simmondsia chinensis seed oil*, argania spinosa kernel oil*, cetyl alcohol, glycerin*,\u00a0 butyrospermum parkii butter*, glyceryl stearate, cetearyl alcohol, stearic acid, sodium lauroyl glutamate,\u00a0 tocopherol,\u00a0 pogostemon cablin leaf oil*, cananga odorata flower oil*, rosmarinus officinalis leaf oil*,\u00a0 benzyl alcohol, dehydroacetic acid,\u00a0 benzyl benzoate, benzyl salicylate, farnesol, linalool, limonene.<\/p>\n","protected":false},"excerpt":{"rendered":"<p>Specialy adapted for men, this light and non only cream moisturizes all skin types. Enriched with argan o\u00efl, jojoba o\u00efl and shea butter. Jojoba o\u00efl regulates the sebum. Essential oils combined with orange flower water calm razor rash.<\/p>\n","protected":false},"featured_media":3113,"comment_status":"open","ping_status":"closed","template":"","meta":{"ocean_post_layout":"","ocean_both_sidebars_style":"","ocean_both_sidebars_content_width":0,"ocean_both_sidebars_sidebars_width":0,"ocean_sidebar":"0","ocean_second_sidebar":"0","ocean_disable_margins":"enable","ocean_add_body_class":"","ocean_shortcode_before_top_bar":"","ocean_shortcode_after_top_bar":"","ocean_shortcode_before_header":"","ocean_shortcode_after_header":"","ocean_has_shortcode":"","ocean_shortcode_after_title":"","ocean_shortcode_before_footer_widgets":"","ocean_shortcode_after_footer_widgets":"","ocean_shortcode_before_footer_bottom":"","ocean_shortcode_after_footer_bottom":"","ocean_display_top_bar":"default","ocean_display_header":"default","ocean_header_style":"","ocean_center_header_left_menu":"0","ocean_custom_header_template":"0","ocean_custom_logo":0,"ocean_custom_retina_logo":0,"ocean_custom_logo_max_width":0,"ocean_custom_logo_tablet_max_width":0,"ocean_custom_logo_mobile_max_width":0,"ocean_custom_logo_max_height":0,"ocean_custom_logo_tablet_max_height":0,"ocean_custom_logo_mobile_max_height":0,"ocean_header_custom_menu":"0","ocean_menu_typo_font_family":"0","ocean_menu_typo_font_subset":"","ocean_menu_typo_font_size":0,"ocean_menu_typo_font_size_tablet":0,"ocean_menu_typo_font_size_mobile":0,"ocean_menu_typo_font_size_unit":"px","ocean_menu_typo_font_weight":"","ocean_menu_typo_font_weight_tablet":"","ocean_menu_typo_font_weight_mobile":"","ocean_menu_typo_transform":"","ocean_menu_typo_transform_tablet":"","ocean_menu_typo_transform_mobile":"","ocean_menu_typo_line_height":0,"ocean_menu_typo_line_height_tablet":0,"ocean_menu_typo_line_height_mobile":0,"ocean_menu_typo_line_height_unit":"","ocean_menu_typo_spacing":0,"ocean_menu_typo_spacing_tablet":0,"ocean_menu_typo_spacing_mobile":0,"ocean_menu_typo_spacing_unit":"","ocean_menu_link_color":"","ocean_menu_link_color_hover":"","ocean_menu_link_color_active":"","ocean_menu_link_background":"","ocean_menu_link_hover_background":"","ocean_menu_link_active_background":"","ocean_menu_social_links_bg":"","ocean_menu_social_hover_links_bg":"","ocean_menu_social_links_color":"","ocean_menu_social_hover_links_color":"","ocean_disable_title":"default","ocean_disable_heading":"default","ocean_post_title":"","ocean_post_subheading":"","ocean_post_title_style":"","ocean_post_title_background_color":"","ocean_post_title_background":0,"ocean_post_title_bg_image_position":"","ocean_post_title_bg_image_attachment":"","ocean_post_title_bg_image_repeat":"","ocean_post_title_bg_image_size":"","ocean_post_title_height":0,"ocean_post_title_bg_overlay":0.5,"ocean_post_title_bg_overlay_color":"","ocean_disable_breadcrumbs":"default","ocean_breadcrumbs_color":"","ocean_breadcrumbs_separator_color":"","ocean_breadcrumbs_links_color":"","ocean_breadcrumbs_links_hover_color":"","ocean_display_footer_widgets":"default","ocean_display_footer_bottom":"default","ocean_custom_footer_template":"0"},"product_brand":[],"product_cat":[100,98,92],"product_tag":[],"class_list":{"0":"post-872","1":"product","2":"type-product","3":"status-publish","4":"has-post-thumbnail","6":"product_cat-anti-ageing-and-hydrating","7":"product_cat-face-care","8":"product_cat-men","10":"entry","11":"has-media","13":"first","14":"instock","15":"shipping-taxable","16":"purchasable","17":"product-type-simple","18":"has-product-nav","19":"col","20":"span_1_of_4","21":"owp-content-center","22":"owp-thumbs-layout-horizontal","23":"owp-btn-normal","24":"owp-tabs-layout-horizontal"},"yoast_head":"<!-- This site is optimized with the Yoast SEO plugin v27.3 - https:\/\/yoast.com\/product\/yoast-seo-wordpress\/ -->\n<title>Anti-ageing Cream for Men - Biosiris Cosm\u00e9tiques<\/title>\n<meta name=\"description\" content=\"Adapted for men, this light cream Biosiris moisturizes all skin types. Enriched with argan oIl, jojoba oIl and shea butter.Jojoba oil regulates the sebum.\" \/>\n<meta name=\"robots\" content=\"index, follow, max-snippet:-1, max-image-preview:large, max-video-preview:-1\" \/>\n<link rel=\"canonical\" href=\"https:\/\/biosiris-cosmetiques.com\/index.php\/en\/produit\/anti-ageing-cream\/\" \/>\n<meta property=\"og:locale\" content=\"fr_FR\" \/>\n<meta property=\"og:type\" content=\"article\" \/>\n<meta property=\"og:title\" content=\"Anti-ageing Cream for Men - Biosiris Cosm\u00e9tiques\" \/>\n<meta property=\"og:description\" content=\"Adapted for men, this light cream Biosiris moisturizes all skin types. Enriched with argan oIl, jojoba oIl and shea butter.Jojoba oil regulates the sebum.\" \/>\n<meta property=\"og:url\" content=\"https:\/\/biosiris-cosmetiques.com\/index.php\/en\/produit\/anti-ageing-cream\/\" \/>\n<meta property=\"og:site_name\" content=\"Biosiris Cosm\u00e9tiques\" \/>\n<meta property=\"article:publisher\" content=\"https:\/\/www.facebook.com\/biosiris.cosmetiques\" \/>\n<meta property=\"article:modified_time\" content=\"2025-04-13T20:33:14+00:00\" \/>\n<meta property=\"og:image\" content=\"https:\/\/biosiris-cosmetiques.com\/wp-content\/uploads\/2023\/01\/homme-2-2-scaled.jpg\" \/>\n\t<meta property=\"og:image:width\" content=\"2560\" \/>\n\t<meta property=\"og:image:height\" content=\"1920\" \/>\n\t<meta property=\"og:image:type\" content=\"image\/jpeg\" \/>\n<meta name=\"twitter:card\" content=\"summary_large_image\" \/>\n<meta name=\"twitter:label1\" content=\"Dur\u00e9e de lecture estim\u00e9e\" \/>\n\t<meta name=\"twitter:data1\" content=\"1 minute\" \/>\n<script type=\"application\/ld+json\" class=\"yoast-schema-graph\">{\"@context\":\"https:\\\/\\\/schema.org\",\"@graph\":[{\"@type\":\"WebPage\",\"@id\":\"https:\\\/\\\/biosiris-cosmetiques.com\\\/index.php\\\/en\\\/produit\\\/anti-ageing-cream\\\/\",\"url\":\"https:\\\/\\\/biosiris-cosmetiques.com\\\/index.php\\\/en\\\/produit\\\/anti-ageing-cream\\\/\",\"name\":\"Anti-ageing Cream for Men - Biosiris Cosm\u00e9tiques\",\"isPartOf\":{\"@id\":\"https:\\\/\\\/biosiris-cosmetiques.com\\\/#website\"},\"primaryImageOfPage\":{\"@id\":\"https:\\\/\\\/biosiris-cosmetiques.com\\\/index.php\\\/en\\\/produit\\\/anti-ageing-cream\\\/#primaryimage\"},\"image\":{\"@id\":\"https:\\\/\\\/biosiris-cosmetiques.com\\\/index.php\\\/en\\\/produit\\\/anti-ageing-cream\\\/#primaryimage\"},\"thumbnailUrl\":\"https:\\\/\\\/biosiris-cosmetiques.com\\\/wp-content\\\/uploads\\\/2023\\\/01\\\/homme-2-2-scaled.jpg\",\"datePublished\":\"2023-01-13T04:00:35+00:00\",\"dateModified\":\"2025-04-13T20:33:14+00:00\",\"description\":\"Adapted for men, this light cream Biosiris moisturizes all skin types. Enriched with argan oIl, jojoba oIl and shea butter.Jojoba oil regulates the sebum.\",\"breadcrumb\":{\"@id\":\"https:\\\/\\\/biosiris-cosmetiques.com\\\/index.php\\\/en\\\/produit\\\/anti-ageing-cream\\\/#breadcrumb\"},\"inLanguage\":\"fr-FR\",\"potentialAction\":[{\"@type\":\"ReadAction\",\"target\":[\"https:\\\/\\\/biosiris-cosmetiques.com\\\/index.php\\\/en\\\/produit\\\/anti-ageing-cream\\\/\"]}]},{\"@type\":\"ImageObject\",\"inLanguage\":\"fr-FR\",\"@id\":\"https:\\\/\\\/biosiris-cosmetiques.com\\\/index.php\\\/en\\\/produit\\\/anti-ageing-cream\\\/#primaryimage\",\"url\":\"https:\\\/\\\/biosiris-cosmetiques.com\\\/wp-content\\\/uploads\\\/2023\\\/01\\\/homme-2-2-scaled.jpg\",\"contentUrl\":\"https:\\\/\\\/biosiris-cosmetiques.com\\\/wp-content\\\/uploads\\\/2023\\\/01\\\/homme-2-2-scaled.jpg\",\"width\":2560,\"height\":1920},{\"@type\":\"BreadcrumbList\",\"@id\":\"https:\\\/\\\/biosiris-cosmetiques.com\\\/index.php\\\/en\\\/produit\\\/anti-ageing-cream\\\/#breadcrumb\",\"itemListElement\":[{\"@type\":\"ListItem\",\"position\":1,\"name\":\"Accueil\",\"item\":\"https:\\\/\\\/biosiris-cosmetiques.com\\\/\"},{\"@type\":\"ListItem\",\"position\":2,\"name\":\"Boutique\",\"item\":\"https:\\\/\\\/biosiris-cosmetiques.com\\\/index.php\\\/boutique\\\/\"},{\"@type\":\"ListItem\",\"position\":3,\"name\":\"Anti-ageing Cream for Men\"}]},{\"@type\":\"WebSite\",\"@id\":\"https:\\\/\\\/biosiris-cosmetiques.com\\\/#website\",\"url\":\"https:\\\/\\\/biosiris-cosmetiques.com\\\/\",\"name\":\"Biosiris Cosm\u00e9tiques\",\"description\":\"Biosiris Cosm\u00e9tiques - Soins naturels et biologiques\",\"publisher\":{\"@id\":\"https:\\\/\\\/biosiris-cosmetiques.com\\\/#organization\"},\"potentialAction\":[{\"@type\":\"SearchAction\",\"target\":{\"@type\":\"EntryPoint\",\"urlTemplate\":\"https:\\\/\\\/biosiris-cosmetiques.com\\\/?s={search_term_string}\"},\"query-input\":{\"@type\":\"PropertyValueSpecification\",\"valueRequired\":true,\"valueName\":\"search_term_string\"}}],\"inLanguage\":\"fr-FR\"},{\"@type\":\"Organization\",\"@id\":\"https:\\\/\\\/biosiris-cosmetiques.com\\\/#organization\",\"name\":\"Biosiris Cosm\u00e9tiques\",\"url\":\"https:\\\/\\\/biosiris-cosmetiques.com\\\/\",\"logo\":{\"@type\":\"ImageObject\",\"inLanguage\":\"fr-FR\",\"@id\":\"https:\\\/\\\/biosiris-cosmetiques.com\\\/#\\\/schema\\\/logo\\\/image\\\/\",\"url\":\"https:\\\/\\\/biosiris-cosmetiques.com\\\/wp-content\\\/uploads\\\/2022\\\/12\\\/logo-biosiris-400.png\",\"contentUrl\":\"https:\\\/\\\/biosiris-cosmetiques.com\\\/wp-content\\\/uploads\\\/2022\\\/12\\\/logo-biosiris-400.png\",\"width\":400,\"height\":175,\"caption\":\"Biosiris Cosm\u00e9tiques\"},\"image\":{\"@id\":\"https:\\\/\\\/biosiris-cosmetiques.com\\\/#\\\/schema\\\/logo\\\/image\\\/\"},\"sameAs\":[\"https:\\\/\\\/www.facebook.com\\\/biosiris.cosmetiques\",\"https:\\\/\\\/www.instagram.com\\\/biosiriscosmetiquesbio\\\/\"]}]}<\/script>\n<!-- \/ Yoast SEO plugin. -->","yoast_head_json":{"title":"Anti-ageing Cream for Men - Biosiris Cosm\u00e9tiques","description":"Adapted for men, this light cream Biosiris moisturizes all skin types. Enriched with argan oIl, jojoba oIl and shea butter.Jojoba oil regulates the sebum.","robots":{"index":"index","follow":"follow","max-snippet":"max-snippet:-1","max-image-preview":"max-image-preview:large","max-video-preview":"max-video-preview:-1"},"canonical":"https:\/\/biosiris-cosmetiques.com\/index.php\/en\/produit\/anti-ageing-cream\/","og_locale":"fr_FR","og_type":"article","og_title":"Anti-ageing Cream for Men - Biosiris Cosm\u00e9tiques","og_description":"Adapted for men, this light cream Biosiris moisturizes all skin types. Enriched with argan oIl, jojoba oIl and shea butter.Jojoba oil regulates the sebum.","og_url":"https:\/\/biosiris-cosmetiques.com\/index.php\/en\/produit\/anti-ageing-cream\/","og_site_name":"Biosiris Cosm\u00e9tiques","article_publisher":"https:\/\/www.facebook.com\/biosiris.cosmetiques","article_modified_time":"2025-04-13T20:33:14+00:00","og_image":[{"width":2560,"height":1920,"url":"https:\/\/biosiris-cosmetiques.com\/wp-content\/uploads\/2023\/01\/homme-2-2-scaled.jpg","type":"image\/jpeg"}],"twitter_card":"summary_large_image","twitter_misc":{"Dur\u00e9e de lecture estim\u00e9e":"1 minute"},"schema":{"@context":"https:\/\/schema.org","@graph":[{"@type":"WebPage","@id":"https:\/\/biosiris-cosmetiques.com\/index.php\/en\/produit\/anti-ageing-cream\/","url":"https:\/\/biosiris-cosmetiques.com\/index.php\/en\/produit\/anti-ageing-cream\/","name":"Anti-ageing Cream for Men - Biosiris Cosm\u00e9tiques","isPartOf":{"@id":"https:\/\/biosiris-cosmetiques.com\/#website"},"primaryImageOfPage":{"@id":"https:\/\/biosiris-cosmetiques.com\/index.php\/en\/produit\/anti-ageing-cream\/#primaryimage"},"image":{"@id":"https:\/\/biosiris-cosmetiques.com\/index.php\/en\/produit\/anti-ageing-cream\/#primaryimage"},"thumbnailUrl":"https:\/\/biosiris-cosmetiques.com\/wp-content\/uploads\/2023\/01\/homme-2-2-scaled.jpg","datePublished":"2023-01-13T04:00:35+00:00","dateModified":"2025-04-13T20:33:14+00:00","description":"Adapted for men, this light cream Biosiris moisturizes all skin types. Enriched with argan oIl, jojoba oIl and shea butter.Jojoba oil regulates the sebum.","breadcrumb":{"@id":"https:\/\/biosiris-cosmetiques.com\/index.php\/en\/produit\/anti-ageing-cream\/#breadcrumb"},"inLanguage":"fr-FR","potentialAction":[{"@type":"ReadAction","target":["https:\/\/biosiris-cosmetiques.com\/index.php\/en\/produit\/anti-ageing-cream\/"]}]},{"@type":"ImageObject","inLanguage":"fr-FR","@id":"https:\/\/biosiris-cosmetiques.com\/index.php\/en\/produit\/anti-ageing-cream\/#primaryimage","url":"https:\/\/biosiris-cosmetiques.com\/wp-content\/uploads\/2023\/01\/homme-2-2-scaled.jpg","contentUrl":"https:\/\/biosiris-cosmetiques.com\/wp-content\/uploads\/2023\/01\/homme-2-2-scaled.jpg","width":2560,"height":1920},{"@type":"BreadcrumbList","@id":"https:\/\/biosiris-cosmetiques.com\/index.php\/en\/produit\/anti-ageing-cream\/#breadcrumb","itemListElement":[{"@type":"ListItem","position":1,"name":"Accueil","item":"https:\/\/biosiris-cosmetiques.com\/"},{"@type":"ListItem","position":2,"name":"Boutique","item":"https:\/\/biosiris-cosmetiques.com\/index.php\/boutique\/"},{"@type":"ListItem","position":3,"name":"Anti-ageing Cream for Men"}]},{"@type":"WebSite","@id":"https:\/\/biosiris-cosmetiques.com\/#website","url":"https:\/\/biosiris-cosmetiques.com\/","name":"Biosiris Cosm\u00e9tiques","description":"Biosiris Cosm\u00e9tiques - Soins naturels et biologiques","publisher":{"@id":"https:\/\/biosiris-cosmetiques.com\/#organization"},"potentialAction":[{"@type":"SearchAction","target":{"@type":"EntryPoint","urlTemplate":"https:\/\/biosiris-cosmetiques.com\/?s={search_term_string}"},"query-input":{"@type":"PropertyValueSpecification","valueRequired":true,"valueName":"search_term_string"}}],"inLanguage":"fr-FR"},{"@type":"Organization","@id":"https:\/\/biosiris-cosmetiques.com\/#organization","name":"Biosiris Cosm\u00e9tiques","url":"https:\/\/biosiris-cosmetiques.com\/","logo":{"@type":"ImageObject","inLanguage":"fr-FR","@id":"https:\/\/biosiris-cosmetiques.com\/#\/schema\/logo\/image\/","url":"https:\/\/biosiris-cosmetiques.com\/wp-content\/uploads\/2022\/12\/logo-biosiris-400.png","contentUrl":"https:\/\/biosiris-cosmetiques.com\/wp-content\/uploads\/2022\/12\/logo-biosiris-400.png","width":400,"height":175,"caption":"Biosiris Cosm\u00e9tiques"},"image":{"@id":"https:\/\/biosiris-cosmetiques.com\/#\/schema\/logo\/image\/"},"sameAs":["https:\/\/www.facebook.com\/biosiris.cosmetiques","https:\/\/www.instagram.com\/biosiriscosmetiquesbio\/"]}]}},"_links":{"self":[{"href":"https:\/\/biosiris-cosmetiques.com\/index.php\/wp-json\/wp\/v2\/product\/872","targetHints":{"allow":["GET"]}}],"collection":[{"href":"https:\/\/biosiris-cosmetiques.com\/index.php\/wp-json\/wp\/v2\/product"}],"about":[{"href":"https:\/\/biosiris-cosmetiques.com\/index.php\/wp-json\/wp\/v2\/types\/product"}],"replies":[{"embeddable":true,"href":"https:\/\/biosiris-cosmetiques.com\/index.php\/wp-json\/wp\/v2\/comments?post=872"}],"version-history":[{"count":5,"href":"https:\/\/biosiris-cosmetiques.com\/index.php\/wp-json\/wp\/v2\/product\/872\/revisions"}],"predecessor-version":[{"id":1743,"href":"https:\/\/biosiris-cosmetiques.com\/index.php\/wp-json\/wp\/v2\/product\/872\/revisions\/1743"}],"wp:featuredmedia":[{"embeddable":true,"href":"https:\/\/biosiris-cosmetiques.com\/index.php\/wp-json\/wp\/v2\/media\/3113"}],"wp:attachment":[{"href":"https:\/\/biosiris-cosmetiques.com\/index.php\/wp-json\/wp\/v2\/media?parent=872"}],"wp:term":[{"taxonomy":"product_brand","embeddable":true,"href":"https:\/\/biosiris-cosmetiques.com\/index.php\/wp-json\/wp\/v2\/product_brand?post=872"},{"taxonomy":"product_cat","embeddable":true,"href":"https:\/\/biosiris-cosmetiques.com\/index.php\/wp-json\/wp\/v2\/product_cat?post=872"},{"taxonomy":"product_tag","embeddable":true,"href":"https:\/\/biosiris-cosmetiques.com\/index.php\/wp-json\/wp\/v2\/product_tag?post=872"}],"curies":[{"name":"wp","href":"https:\/\/api.w.org\/{rel}","templated":true}]}}