{"id":851,"date":"2023-01-12T17:56:08","date_gmt":"2023-01-12T17:56:08","guid":{"rendered":"https:\/\/biosiris.jmgmedia.com\/staging\/?page_id=851"},"modified":"2024-07-23T08:01:52","modified_gmt":"2024-07-23T08:01:52","slug":"nos-points-de-vente","status":"publish","type":"page","link":"https:\/\/biosiris-cosmetiques.com\/index.php\/nos-points-de-vente\/","title":{"rendered":"Nos points de vente"},"content":{"rendered":"\t\t<div data-elementor-type=\"wp-page\" data-elementor-id=\"851\" class=\"elementor elementor-851\">\n\t\t\t\t\t\t<section class=\"elementor-section elementor-top-section elementor-element elementor-element-b894b30 elementor-section-boxed elementor-section-height-default elementor-section-height-default\" data-id=\"b894b30\" data-element_type=\"section\" data-e-type=\"section\">\n\t\t\t\t\t\t<div class=\"elementor-container elementor-column-gap-default\">\n\t\t\t\t\t<div class=\"elementor-column elementor-col-100 elementor-top-column elementor-element elementor-element-82e8249\" data-id=\"82e8249\" data-element_type=\"column\" data-e-type=\"column\">\n\t\t\t<div class=\"elementor-widget-wrap elementor-element-populated\">\n\t\t\t\t\t\t<div class=\"elementor-element elementor-element-abfb093 elementor-widget elementor-widget-shortcode\" data-id=\"abfb093\" data-element_type=\"widget\" data-e-type=\"widget\" data-widget_type=\"shortcode.default\">\n\t\t\t\t<div class=\"elementor-widget-container\">\n\t\t\t\t\t\t\t<div class=\"elementor-shortcode\"><style>\r\n\t#wpsl-stores .wpsl-store-thumb {height:45px !important; width:45px !important;}\r\n\t#wpsl-stores, #wpsl-direction-details, #wpsl-gmap {height:550px !important;}\r\n\t#wpsl-gmap .wpsl-info-window {max-width:225px !important;}\r\n\t.wpsl-input label, #wpsl-radius label, #wpsl-category label {width:95px;}\r\n\t#wpsl-search-input  {width:179px;}\r\n<\/style>\r\n<div id=\"wpsl-wrap\">\r\n\t<div class=\"wpsl-search wpsl-clearfix wpsl-no-filters\">\r\n\t\t<div id=\"wpsl-search-wrap\">\r\n\t\t\t<form autocomplete=\"off\">\r\n\t\t\t<div class=\"wpsl-input\">\r\n\t\t\t\t<div><label for=\"wpsl-search-input\">Votre emplacement<\/label><\/div>\r\n\t\t\t\t<input id=\"wpsl-search-input\" type=\"text\" value=\"\" name=\"wpsl-search-input\" placeholder=\"\" aria-required=\"true\" \/>\r\n\t\t\t<\/div>\r\n\t\t\t\t<div class=\"wpsl-search-btn-wrap\"><input id=\"wpsl-search-btn\" type=\"submit\" value=\"Rechercher\"><\/div>\r\n\t\t<\/form>\r\n\t\t<\/div>\r\n\t<\/div>\r\n\t<div id=\"wpsl-gmap\" class=\"wpsl-gmap-canvas\"><\/div>\r\n\t<div id=\"wpsl-result-list\">\r\n\t\t<div id=\"wpsl-stores\" >\r\n\t\t\t<ul><\/ul>\r\n\t\t<\/div>\r\n\t\t<div id=\"wpsl-direction-details\">\r\n\t\t\t<ul><\/ul>\r\n\t\t<\/div>\r\n\t<\/div>\r\n<\/div>\r\n<\/div>\n\t\t\t\t\t\t<\/div>\n\t\t\t\t<\/div>\n\t\t\t\t\t<\/div>\n\t\t<\/div>\n\t\t\t\t\t<\/div>\n\t\t<\/section>\n\t\t\t\t<\/div>\n\t\t","protected":false},"excerpt":{"rendered":"","protected":false},"author":1,"featured_media":0,"parent":0,"menu_order":0,"comment_status":"closed","ping_status":"closed","template":"","meta":{"ocean_post_layout":"","ocean_both_sidebars_style":"","ocean_both_sidebars_content_width":0,"ocean_both_sidebars_sidebars_width":0,"ocean_sidebar":"0","ocean_second_sidebar":"0","ocean_disable_margins":"enable","ocean_add_body_class":"","ocean_shortcode_before_top_bar":"","ocean_shortcode_after_top_bar":"","ocean_shortcode_before_header":"","ocean_shortcode_after_header":"","ocean_has_shortcode":"","ocean_shortcode_after_title":"","ocean_shortcode_before_footer_widgets":"","ocean_shortcode_after_footer_widgets":"","ocean_shortcode_before_footer_bottom":"","ocean_shortcode_after_footer_bottom":"","ocean_display_top_bar":"default","ocean_display_header":"default","ocean_header_style":"","ocean_center_header_left_menu":"0","ocean_custom_header_template":"0","ocean_custom_logo":0,"ocean_custom_retina_logo":0,"ocean_custom_logo_max_width":0,"ocean_custom_logo_tablet_max_width":0,"ocean_custom_logo_mobile_max_width":0,"ocean_custom_logo_max_height":0,"ocean_custom_logo_tablet_max_height":0,"ocean_custom_logo_mobile_max_height":0,"ocean_header_custom_menu":"0","ocean_menu_typo_font_family":"0","ocean_menu_typo_font_subset":"","ocean_menu_typo_font_size":0,"ocean_menu_typo_font_size_tablet":0,"ocean_menu_typo_font_size_mobile":0,"ocean_menu_typo_font_size_unit":"px","ocean_menu_typo_font_weight":"","ocean_menu_typo_font_weight_tablet":"","ocean_menu_typo_font_weight_mobile":"","ocean_menu_typo_transform":"","ocean_menu_typo_transform_tablet":"","ocean_menu_typo_transform_mobile":"","ocean_menu_typo_line_height":0,"ocean_menu_typo_line_height_tablet":0,"ocean_menu_typo_line_height_mobile":0,"ocean_menu_typo_line_height_unit":"","ocean_menu_typo_spacing":0,"ocean_menu_typo_spacing_tablet":0,"ocean_menu_typo_spacing_mobile":0,"ocean_menu_typo_spacing_unit":"","ocean_menu_link_color":"","ocean_menu_link_color_hover":"","ocean_menu_link_color_active":"","ocean_menu_link_background":"","ocean_menu_link_hover_background":"","ocean_menu_link_active_background":"","ocean_menu_social_links_bg":"","ocean_menu_social_hover_links_bg":"","ocean_menu_social_links_color":"","ocean_menu_social_hover_links_color":"","ocean_disable_title":"default","ocean_disable_heading":"default","ocean_post_title":"","ocean_post_subheading":"","ocean_post_title_style":"","ocean_post_title_background_color":"","ocean_post_title_background":0,"ocean_post_title_bg_image_position":"","ocean_post_title_bg_image_attachment":"","ocean_post_title_bg_image_repeat":"","ocean_post_title_bg_image_size":"","ocean_post_title_height":0,"ocean_post_title_bg_overlay":0.5,"ocean_post_title_bg_overlay_color":"","ocean_disable_breadcrumbs":"default","ocean_breadcrumbs_color":"","ocean_breadcrumbs_separator_color":"","ocean_breadcrumbs_links_color":"","ocean_breadcrumbs_links_hover_color":"","ocean_display_footer_widgets":"default","ocean_display_footer_bottom":"default","ocean_custom_footer_template":"0","footnotes":""},"class_list":["post-851","page","type-page","status-publish","hentry","entry","owp-thumbs-layout-horizontal","owp-btn-normal","owp-tabs-layout-horizontal","has-no-thumbnails","has-product-nav"],"yoast_head":"<!-- This site is optimized with the Yoast SEO plugin v27.3 - https:\/\/yoast.com\/product\/yoast-seo-wordpress\/ -->\n<title>Nos points de vente - Biosiris Cosm\u00e9tiques<\/title>\n<meta name=\"description\" content=\"D\u00e9couvrez o\u00f9 acheter les soins Biosiris dans de nombreux points de vente en r\u00e9gion et \u00e0 travers la France.\" \/>\n<meta name=\"robots\" content=\"index, follow, max-snippet:-1, max-image-preview:large, max-video-preview:-1\" \/>\n<link rel=\"canonical\" href=\"https:\/\/biosiris-cosmetiques.com\/index.php\/nos-points-de-vente\/\" \/>\n<meta property=\"og:locale\" content=\"fr_FR\" \/>\n<meta property=\"og:type\" content=\"article\" \/>\n<meta property=\"og:title\" content=\"Nos points de vente - Biosiris Cosm\u00e9tiques\" \/>\n<meta property=\"og:description\" content=\"D\u00e9couvrez o\u00f9 acheter les soins Biosiris dans de nombreux points de vente en r\u00e9gion et \u00e0 travers la France.\" \/>\n<meta property=\"og:url\" content=\"https:\/\/biosiris-cosmetiques.com\/index.php\/nos-points-de-vente\/\" \/>\n<meta property=\"og:site_name\" content=\"Biosiris Cosm\u00e9tiques\" \/>\n<meta property=\"article:publisher\" content=\"https:\/\/www.facebook.com\/biosiris.cosmetiques\" \/>\n<meta property=\"article:modified_time\" content=\"2024-07-23T08:01:52+00:00\" \/>\n<meta name=\"twitter:card\" content=\"summary_large_image\" \/>\n<meta name=\"twitter:label1\" content=\"Dur\u00e9e de lecture estim\u00e9e\" \/>\n\t<meta name=\"twitter:data1\" content=\"1 minute\" \/>\n<script type=\"application\/ld+json\" class=\"yoast-schema-graph\">{\"@context\":\"https:\\\/\\\/schema.org\",\"@graph\":[{\"@type\":\"WebPage\",\"@id\":\"https:\\\/\\\/biosiris-cosmetiques.com\\\/index.php\\\/nos-points-de-vente\\\/\",\"url\":\"https:\\\/\\\/biosiris-cosmetiques.com\\\/index.php\\\/nos-points-de-vente\\\/\",\"name\":\"Nos points de vente - Biosiris Cosm\u00e9tiques\",\"isPartOf\":{\"@id\":\"https:\\\/\\\/biosiris-cosmetiques.com\\\/#website\"},\"datePublished\":\"2023-01-12T17:56:08+00:00\",\"dateModified\":\"2024-07-23T08:01:52+00:00\",\"description\":\"D\u00e9couvrez o\u00f9 acheter les soins Biosiris dans de nombreux points de vente en r\u00e9gion et \u00e0 travers la France.\",\"breadcrumb\":{\"@id\":\"https:\\\/\\\/biosiris-cosmetiques.com\\\/index.php\\\/nos-points-de-vente\\\/#breadcrumb\"},\"inLanguage\":\"fr-FR\",\"potentialAction\":[{\"@type\":\"ReadAction\",\"target\":[\"https:\\\/\\\/biosiris-cosmetiques.com\\\/index.php\\\/nos-points-de-vente\\\/\"]}]},{\"@type\":\"BreadcrumbList\",\"@id\":\"https:\\\/\\\/biosiris-cosmetiques.com\\\/index.php\\\/nos-points-de-vente\\\/#breadcrumb\",\"itemListElement\":[{\"@type\":\"ListItem\",\"position\":1,\"name\":\"Accueil\",\"item\":\"https:\\\/\\\/biosiris-cosmetiques.com\\\/\"},{\"@type\":\"ListItem\",\"position\":2,\"name\":\"Nos points de vente\"}]},{\"@type\":\"WebSite\",\"@id\":\"https:\\\/\\\/biosiris-cosmetiques.com\\\/#website\",\"url\":\"https:\\\/\\\/biosiris-cosmetiques.com\\\/\",\"name\":\"Biosiris Cosm\u00e9tiques\",\"description\":\"Biosiris Cosm\u00e9tiques - Soins naturels et biologiques\",\"publisher\":{\"@id\":\"https:\\\/\\\/biosiris-cosmetiques.com\\\/#organization\"},\"potentialAction\":[{\"@type\":\"SearchAction\",\"target\":{\"@type\":\"EntryPoint\",\"urlTemplate\":\"https:\\\/\\\/biosiris-cosmetiques.com\\\/?s={search_term_string}\"},\"query-input\":{\"@type\":\"PropertyValueSpecification\",\"valueRequired\":true,\"valueName\":\"search_term_string\"}}],\"inLanguage\":\"fr-FR\"},{\"@type\":\"Organization\",\"@id\":\"https:\\\/\\\/biosiris-cosmetiques.com\\\/#organization\",\"name\":\"Biosiris Cosm\u00e9tiques\",\"url\":\"https:\\\/\\\/biosiris-cosmetiques.com\\\/\",\"logo\":{\"@type\":\"ImageObject\",\"inLanguage\":\"fr-FR\",\"@id\":\"https:\\\/\\\/biosiris-cosmetiques.com\\\/#\\\/schema\\\/logo\\\/image\\\/\",\"url\":\"https:\\\/\\\/biosiris-cosmetiques.com\\\/wp-content\\\/uploads\\\/2022\\\/12\\\/logo-biosiris-400.png\",\"contentUrl\":\"https:\\\/\\\/biosiris-cosmetiques.com\\\/wp-content\\\/uploads\\\/2022\\\/12\\\/logo-biosiris-400.png\",\"width\":400,\"height\":175,\"caption\":\"Biosiris Cosm\u00e9tiques\"},\"image\":{\"@id\":\"https:\\\/\\\/biosiris-cosmetiques.com\\\/#\\\/schema\\\/logo\\\/image\\\/\"},\"sameAs\":[\"https:\\\/\\\/www.facebook.com\\\/biosiris.cosmetiques\",\"https:\\\/\\\/www.instagram.com\\\/biosiriscosmetiquesbio\\\/\"]}]}<\/script>\n<!-- \/ Yoast SEO plugin. -->","yoast_head_json":{"title":"Nos points de vente - Biosiris Cosm\u00e9tiques","description":"D\u00e9couvrez o\u00f9 acheter les soins Biosiris dans de nombreux points de vente en r\u00e9gion et \u00e0 travers la France.","robots":{"index":"index","follow":"follow","max-snippet":"max-snippet:-1","max-image-preview":"max-image-preview:large","max-video-preview":"max-video-preview:-1"},"canonical":"https:\/\/biosiris-cosmetiques.com\/index.php\/nos-points-de-vente\/","og_locale":"fr_FR","og_type":"article","og_title":"Nos points de vente - Biosiris Cosm\u00e9tiques","og_description":"D\u00e9couvrez o\u00f9 acheter les soins Biosiris dans de nombreux points de vente en r\u00e9gion et \u00e0 travers la France.","og_url":"https:\/\/biosiris-cosmetiques.com\/index.php\/nos-points-de-vente\/","og_site_name":"Biosiris Cosm\u00e9tiques","article_publisher":"https:\/\/www.facebook.com\/biosiris.cosmetiques","article_modified_time":"2024-07-23T08:01:52+00:00","twitter_card":"summary_large_image","twitter_misc":{"Dur\u00e9e de lecture estim\u00e9e":"1 minute"},"schema":{"@context":"https:\/\/schema.org","@graph":[{"@type":"WebPage","@id":"https:\/\/biosiris-cosmetiques.com\/index.php\/nos-points-de-vente\/","url":"https:\/\/biosiris-cosmetiques.com\/index.php\/nos-points-de-vente\/","name":"Nos points de vente - Biosiris Cosm\u00e9tiques","isPartOf":{"@id":"https:\/\/biosiris-cosmetiques.com\/#website"},"datePublished":"2023-01-12T17:56:08+00:00","dateModified":"2024-07-23T08:01:52+00:00","description":"D\u00e9couvrez o\u00f9 acheter les soins Biosiris dans de nombreux points de vente en r\u00e9gion et \u00e0 travers la France.","breadcrumb":{"@id":"https:\/\/biosiris-cosmetiques.com\/index.php\/nos-points-de-vente\/#breadcrumb"},"inLanguage":"fr-FR","potentialAction":[{"@type":"ReadAction","target":["https:\/\/biosiris-cosmetiques.com\/index.php\/nos-points-de-vente\/"]}]},{"@type":"BreadcrumbList","@id":"https:\/\/biosiris-cosmetiques.com\/index.php\/nos-points-de-vente\/#breadcrumb","itemListElement":[{"@type":"ListItem","position":1,"name":"Accueil","item":"https:\/\/biosiris-cosmetiques.com\/"},{"@type":"ListItem","position":2,"name":"Nos points de vente"}]},{"@type":"WebSite","@id":"https:\/\/biosiris-cosmetiques.com\/#website","url":"https:\/\/biosiris-cosmetiques.com\/","name":"Biosiris Cosm\u00e9tiques","description":"Biosiris Cosm\u00e9tiques - Soins naturels et biologiques","publisher":{"@id":"https:\/\/biosiris-cosmetiques.com\/#organization"},"potentialAction":[{"@type":"SearchAction","target":{"@type":"EntryPoint","urlTemplate":"https:\/\/biosiris-cosmetiques.com\/?s={search_term_string}"},"query-input":{"@type":"PropertyValueSpecification","valueRequired":true,"valueName":"search_term_string"}}],"inLanguage":"fr-FR"},{"@type":"Organization","@id":"https:\/\/biosiris-cosmetiques.com\/#organization","name":"Biosiris Cosm\u00e9tiques","url":"https:\/\/biosiris-cosmetiques.com\/","logo":{"@type":"ImageObject","inLanguage":"fr-FR","@id":"https:\/\/biosiris-cosmetiques.com\/#\/schema\/logo\/image\/","url":"https:\/\/biosiris-cosmetiques.com\/wp-content\/uploads\/2022\/12\/logo-biosiris-400.png","contentUrl":"https:\/\/biosiris-cosmetiques.com\/wp-content\/uploads\/2022\/12\/logo-biosiris-400.png","width":400,"height":175,"caption":"Biosiris Cosm\u00e9tiques"},"image":{"@id":"https:\/\/biosiris-cosmetiques.com\/#\/schema\/logo\/image\/"},"sameAs":["https:\/\/www.facebook.com\/biosiris.cosmetiques","https:\/\/www.instagram.com\/biosiriscosmetiquesbio\/"]}]}},"_links":{"self":[{"href":"https:\/\/biosiris-cosmetiques.com\/index.php\/wp-json\/wp\/v2\/pages\/851","targetHints":{"allow":["GET"]}}],"collection":[{"href":"https:\/\/biosiris-cosmetiques.com\/index.php\/wp-json\/wp\/v2\/pages"}],"about":[{"href":"https:\/\/biosiris-cosmetiques.com\/index.php\/wp-json\/wp\/v2\/types\/page"}],"author":[{"embeddable":true,"href":"https:\/\/biosiris-cosmetiques.com\/index.php\/wp-json\/wp\/v2\/users\/1"}],"replies":[{"embeddable":true,"href":"https:\/\/biosiris-cosmetiques.com\/index.php\/wp-json\/wp\/v2\/comments?post=851"}],"version-history":[{"count":10,"href":"https:\/\/biosiris-cosmetiques.com\/index.php\/wp-json\/wp\/v2\/pages\/851\/revisions"}],"predecessor-version":[{"id":2724,"href":"https:\/\/biosiris-cosmetiques.com\/index.php\/wp-json\/wp\/v2\/pages\/851\/revisions\/2724"}],"wp:attachment":[{"href":"https:\/\/biosiris-cosmetiques.com\/index.php\/wp-json\/wp\/v2\/media?parent=851"}],"curies":[{"name":"wp","href":"https:\/\/api.w.org\/{rel}","templated":true}]}}